{"id":42992,"date":"2020-08-19T07:40:26","date_gmt":"2020-08-19T05:40:26","guid":{"rendered":"https:\/\/www.coplant.it\/faq\/"},"modified":"2025-07-10T08:43:23","modified_gmt":"2025-07-10T06:43:23","slug":"domande-frequenti","status":"publish","type":"page","link":"https:\/\/www.coplant.it\/fr\/domande-frequenti\/","title":{"rendered":"Faq &#8211; Foire aux questions"},"content":{"rendered":"\t\t<div data-elementor-type=\"wp-page\" data-elementor-id=\"42992\" class=\"elementor elementor-42992\" data-elementor-post-type=\"page\">\n\t\t\t\t\t\t<section class=\"elementor-section elementor-top-section elementor-element elementor-element-acbdb48 elementor-section-boxed elementor-section-height-default elementor-section-height-default\" data-id=\"acbdb48\" data-element_type=\"section\" data-e-type=\"section\">\n\t\t\t\t\t\t<div class=\"elementor-container elementor-column-gap-default\">\n\t\t\t\t\t<div class=\"elementor-column elementor-col-50 elementor-top-column elementor-element elementor-element-2d2b84b\" data-id=\"2d2b84b\" data-element_type=\"column\" data-e-type=\"column\">\n\t\t\t<div class=\"elementor-widget-wrap elementor-element-populated\">\n\t\t\t\t\t\t<div class=\"elementor-element elementor-element-72c70e8 elementor-widget elementor-widget-heading\" data-id=\"72c70e8\" data-element_type=\"widget\" data-e-type=\"widget\" data-widget_type=\"heading.default\">\n\t\t\t\t<div class=\"elementor-widget-container\">\n\t\t\t\t\t<h2 class=\"elementor-heading-title elementor-size-default\">01. O\u00f9 se situe votre p\u00e9pini\u00e8re?<\/h2>\t\t\t\t<\/div>\n\t\t\t\t<\/div>\n\t\t\t\t<div class=\"elementor-element elementor-element-8a84d42 elementor-widget elementor-widget-text-editor\" data-id=\"8a84d42\" data-element_type=\"widget\" data-e-type=\"widget\" data-widget_type=\"text-editor.default\">\n\t\t\t\t<div class=\"elementor-widget-container\">\n\t\t\t\t\t\t\t\t\t<p>Notre p\u00e9pini\u00e8re est situ\u00e9e \u00e0 Canneto sull&#8217;Oglio, dans la province de Mantoue, dans le nord de l&#8217;Italie.<\/p>\t\t\t\t\t\t\t\t<\/div>\n\t\t\t\t<\/div>\n\t\t\t\t\t<\/div>\n\t\t<\/div>\n\t\t\t\t<div class=\"elementor-column elementor-col-50 elementor-top-column elementor-element elementor-element-46827e5\" data-id=\"46827e5\" data-element_type=\"column\" data-e-type=\"column\">\n\t\t\t<div class=\"elementor-widget-wrap elementor-element-populated\">\n\t\t\t\t\t\t<div class=\"elementor-element elementor-element-97de7fa elementor-widget elementor-widget-heading\" data-id=\"97de7fa\" data-element_type=\"widget\" data-e-type=\"widget\" data-widget_type=\"heading.default\">\n\t\t\t\t<div class=\"elementor-widget-container\">\n\t\t\t\t\t<h2 class=\"elementor-heading-title elementor-size-default\">02. Vendez-vous \u00e9galement aux particuliers?<\/h2>\t\t\t\t<\/div>\n\t\t\t\t<\/div>\n\t\t\t\t<div class=\"elementor-element elementor-element-e97e387 elementor-widget elementor-widget-text-editor\" data-id=\"e97e387\" data-element_type=\"widget\" data-e-type=\"widget\" data-widget_type=\"text-editor.default\">\n\t\t\t\t<div class=\"elementor-widget-container\">\n\t\t\t\t\t\t\t\t\t<p>Non, nous ne vendons pas aux particuliers ; nous sommes une p\u00e9pini\u00e8re en gros.<\/p>\t\t\t\t\t\t\t\t<\/div>\n\t\t\t\t<\/div>\n\t\t\t\t\t<\/div>\n\t\t<\/div>\n\t\t\t\t\t<\/div>\n\t\t<\/section>\n\t\t\t\t<section class=\"elementor-section elementor-top-section elementor-element elementor-element-e73636d elementor-section-boxed elementor-section-height-default elementor-section-height-default\" data-id=\"e73636d\" data-element_type=\"section\" data-e-type=\"section\">\n\t\t\t\t\t\t<div class=\"elementor-container elementor-column-gap-default\">\n\t\t\t\t\t<div class=\"elementor-column elementor-col-50 elementor-top-column elementor-element elementor-element-7136831\" data-id=\"7136831\" data-element_type=\"column\" data-e-type=\"column\">\n\t\t\t<div class=\"elementor-widget-wrap elementor-element-populated\">\n\t\t\t\t\t\t<div class=\"elementor-element elementor-element-6b7b3ff elementor-widget elementor-widget-heading\" data-id=\"6b7b3ff\" data-element_type=\"widget\" data-e-type=\"widget\" data-widget_type=\"heading.default\">\n\t\t\t\t<div class=\"elementor-widget-container\">\n\t\t\t\t\t<h2 class=\"elementor-heading-title elementor-size-default\">03. \u00c0 quel type de client\u00e8le vous adressez-vous ?<\/h2>\t\t\t\t<\/div>\n\t\t\t\t<\/div>\n\t\t\t\t<div class=\"elementor-element elementor-element-b616655 elementor-widget elementor-widget-text-editor\" data-id=\"b616655\" data-element_type=\"widget\" data-e-type=\"widget\" data-widget_type=\"text-editor.default\">\n\t\t\t\t<div class=\"elementor-widget-container\">\n\t\t\t\t\t\t\t\t\t<div>Nous servons les professionnels de l&#8217;am\u00e9nagement paysager, les jardiniers, les jardineries, les p\u00e9pini\u00e8res et les architectes paysagistes.<\/div>\t\t\t\t\t\t\t\t<\/div>\n\t\t\t\t<\/div>\n\t\t\t\t\t<\/div>\n\t\t<\/div>\n\t\t\t\t<div class=\"elementor-column elementor-col-50 elementor-top-column elementor-element elementor-element-6d51236\" data-id=\"6d51236\" data-element_type=\"column\" data-e-type=\"column\">\n\t\t\t<div class=\"elementor-widget-wrap elementor-element-populated\">\n\t\t\t\t\t\t<div class=\"elementor-element elementor-element-c0da6c3 elementor-widget elementor-widget-heading\" data-id=\"c0da6c3\" data-element_type=\"widget\" data-e-type=\"widget\" data-widget_type=\"heading.default\">\n\t\t\t\t<div class=\"elementor-widget-container\">\n\t\t\t\t\t<h2 class=\"elementor-heading-title elementor-size-default\">04. Exp\u00e9diez-vous vos produits ?<\/h2>\t\t\t\t<\/div>\n\t\t\t\t<\/div>\n\t\t\t\t<div class=\"elementor-element elementor-element-97902c7 elementor-widget elementor-widget-text-editor\" data-id=\"97902c7\" data-element_type=\"widget\" data-e-type=\"widget\" data-widget_type=\"text-editor.default\">\n\t\t\t\t<div class=\"elementor-widget-container\">\n\t\t\t\t\t\t\t\t\t<p>Oui, nous exp\u00e9dions nos produits, mais nous n&#8217;exp\u00e9dions pas de tr\u00e8s petites quantit\u00e9s.<\/p>\t\t\t\t\t\t\t\t<\/div>\n\t\t\t\t<\/div>\n\t\t\t\t\t<\/div>\n\t\t<\/div>\n\t\t\t\t\t<\/div>\n\t\t<\/section>\n\t\t\t\t<section class=\"elementor-section elementor-top-section elementor-element elementor-element-83a1845 elementor-section-boxed elementor-section-height-default elementor-section-height-default\" data-id=\"83a1845\" data-element_type=\"section\" data-e-type=\"section\">\n\t\t\t\t\t\t<div class=\"elementor-container elementor-column-gap-default\">\n\t\t\t\t\t<div class=\"elementor-column elementor-col-50 elementor-top-column elementor-element elementor-element-392f5b0\" data-id=\"392f5b0\" data-element_type=\"column\" data-e-type=\"column\">\n\t\t\t<div class=\"elementor-widget-wrap elementor-element-populated\">\n\t\t\t\t\t\t<div class=\"elementor-element elementor-element-2f53d12 elementor-widget elementor-widget-heading\" data-id=\"2f53d12\" data-element_type=\"widget\" data-e-type=\"widget\" data-widget_type=\"heading.default\">\n\t\t\t\t<div class=\"elementor-widget-container\">\n\t\t\t\t\t<h2 class=\"elementor-heading-title elementor-size-default\">05. Puis-je acheter sur votre boutique en ligne si je ne suis pas un professionnel du jardinage ?<\/h2>\t\t\t\t<\/div>\n\t\t\t\t<\/div>\n\t\t\t\t<div class=\"elementor-element elementor-element-4935c0b elementor-widget elementor-widget-text-editor\" data-id=\"4935c0b\" data-element_type=\"widget\" data-e-type=\"widget\" data-widget_type=\"text-editor.default\">\n\t\t\t\t<div class=\"elementor-widget-container\">\n\t\t\t\t\t\t\t\t\t<div>Non, m\u00eame si vous avez un num\u00e9ro de TVA, nous ne pouvons pas vous accepter dans notre boutique en ligne si vous n&#8217;\u00eates pas un professionnel du jardinage.<\/div>\t\t\t\t\t\t\t\t<\/div>\n\t\t\t\t<\/div>\n\t\t\t\t\t<\/div>\n\t\t<\/div>\n\t\t\t\t<div class=\"elementor-column elementor-col-50 elementor-top-column elementor-element elementor-element-f6b8652\" data-id=\"f6b8652\" data-element_type=\"column\" data-e-type=\"column\">\n\t\t\t<div class=\"elementor-widget-wrap elementor-element-populated\">\n\t\t\t\t\t\t<div class=\"elementor-element elementor-element-4a83e9e elementor-widget elementor-widget-heading\" data-id=\"4a83e9e\" data-element_type=\"widget\" data-e-type=\"widget\" data-widget_type=\"heading.default\">\n\t\t\t\t<div class=\"elementor-widget-container\">\n\t\t\t\t\t<h2 class=\"elementor-heading-title elementor-size-default\">06. Vos formations permettent-elles d\u2019acqu\u00e9rir une qualification pour la profession de jardinier ?<\/h2>\t\t\t\t<\/div>\n\t\t\t\t<\/div>\n\t\t\t\t<div class=\"elementor-element elementor-element-d01c4ad elementor-widget elementor-widget-text-editor\" data-id=\"d01c4ad\" data-element_type=\"widget\" data-e-type=\"widget\" data-widget_type=\"text-editor.default\">\n\t\t\t\t<div class=\"elementor-widget-container\">\n\t\t\t\t\t\t\t\t\t<div>Non, les cours que nous organisons ne d\u00e9livrent aucune qualification professionnelle en jardinage ; nous d\u00e9livrons un certificat de participation.<\/div>\t\t\t\t\t\t\t\t<\/div>\n\t\t\t\t<\/div>\n\t\t\t\t\t<\/div>\n\t\t<\/div>\n\t\t\t\t\t<\/div>\n\t\t<\/section>\n\t\t\t\t<section class=\"elementor-section elementor-top-section elementor-element elementor-element-58d6664 elementor-section-boxed elementor-section-height-default elementor-section-height-default\" data-id=\"58d6664\" data-element_type=\"section\" data-e-type=\"section\">\n\t\t\t\t\t\t<div class=\"elementor-container elementor-column-gap-default\">\n\t\t\t\t\t<div class=\"elementor-column elementor-col-50 elementor-top-column elementor-element elementor-element-80710ed\" data-id=\"80710ed\" data-element_type=\"column\" data-e-type=\"column\">\n\t\t\t<div class=\"elementor-widget-wrap elementor-element-populated\">\n\t\t\t\t\t\t<div class=\"elementor-element elementor-element-02cc6d2 elementor-widget elementor-widget-heading\" data-id=\"02cc6d2\" data-element_type=\"widget\" data-e-type=\"widget\" data-widget_type=\"heading.default\">\n\t\t\t\t<div class=\"elementor-widget-container\">\n\t\t\t\t\t<h2 class=\"elementor-heading-title elementor-size-default\">07. O\u00f9 ont lieu les cours ?<\/h2>\t\t\t\t<\/div>\n\t\t\t\t<\/div>\n\t\t\t\t<div class=\"elementor-element elementor-element-ef9073a elementor-widget elementor-widget-text-editor\" data-id=\"ef9073a\" data-element_type=\"widget\" data-e-type=\"widget\" data-widget_type=\"text-editor.default\">\n\t\t\t\t<div class=\"elementor-widget-container\">\n\t\t\t\t\t\t\t\t\t<div>Les cours ont lieu \u00e0 notre si\u00e8ge \u00e0 Canneto sull&#8217;Oglio, dans la province de Mantoue.<\/div>\t\t\t\t\t\t\t\t<\/div>\n\t\t\t\t<\/div>\n\t\t\t\t\t<\/div>\n\t\t<\/div>\n\t\t\t\t<div class=\"elementor-column elementor-col-50 elementor-top-column elementor-element elementor-element-365820c\" data-id=\"365820c\" data-element_type=\"column\" data-e-type=\"column\">\n\t\t\t<div class=\"elementor-widget-wrap elementor-element-populated\">\n\t\t\t\t\t\t<div class=\"elementor-element elementor-element-d0efe89 elementor-widget elementor-widget-heading\" data-id=\"d0efe89\" data-element_type=\"widget\" data-e-type=\"widget\" data-widget_type=\"heading.default\">\n\t\t\t\t<div class=\"elementor-widget-container\">\n\t\t\t\t\t<h2 class=\"elementor-heading-title elementor-size-default\">08. Pourquoi devrais-je acheter chez vous plut\u00f4t que dans une autre p\u00e9pini\u00e8re ?<\/h2>\t\t\t\t<\/div>\n\t\t\t\t<\/div>\n\t\t\t\t<div class=\"elementor-element elementor-element-7f7b17d elementor-widget elementor-widget-text-editor\" data-id=\"7f7b17d\" data-element_type=\"widget\" data-e-type=\"widget\" data-widget_type=\"text-editor.default\">\n\t\t\t\t<div class=\"elementor-widget-container\">\n\t\t\t\t\t\t\t\t\t<div>Vous devriez nous choisir pour notre large assortiment et nos produits de haute qualit\u00e9, notre service client d\u00e9di\u00e9 et, enfin et surtout, parce que nous sommes sympathiques ! <span class=\"ILfuVd\" lang=\"it\"><span class=\"hgKElc\">\ud83d\ude09<\/span><\/span><\/div>\t\t\t\t\t\t\t\t<\/div>\n\t\t\t\t<\/div>\n\t\t\t\t\t<\/div>\n\t\t<\/div>\n\t\t\t\t\t<\/div>\n\t\t<\/section>\n\t\t\t\t<\/div>\n\t\t","protected":false},"excerpt":{"rendered":"<p>01. O\u00f9 se situe votre p\u00e9pini\u00e8re? Notre p\u00e9pini\u00e8re est situ\u00e9e \u00e0 Canneto sull&#8217;Oglio, dans la province de Mantoue, dans le nord de l&#8217;Italie. 02. Vendez-vous \u00e9galement aux particuliers? Non, nous ne vendons pas aux particuliers ; nous sommes une p\u00e9pini\u00e8re en gros. 03. \u00c0 quel type de client\u00e8le vous adressez-vous ? Nous servons les professionnels [&hellip;]<\/p>\n","protected":false},"author":1,"featured_media":0,"parent":0,"menu_order":0,"comment_status":"closed","ping_status":"closed","template":"","meta":{"_acf_changed":false,"footnotes":""},"class_list":["post-42992","page","type-page","status-publish","hentry"],"acf":[],"yoast_head":"<!-- This site is optimized with the Yoast SEO plugin v27.5 - https:\/\/yoast.com\/product\/yoast-seo-wordpress\/ -->\n<title>Faq - Foire aux questions - Coplant<\/title>\n<meta name=\"robots\" content=\"index, follow, max-snippet:-1, max-image-preview:large, max-video-preview:-1\" \/>\n<link rel=\"canonical\" href=\"https:\/\/www.coplant.it\/domande-frequenti\/\" \/>\n<meta property=\"og:locale\" content=\"fr_FR\" \/>\n<meta property=\"og:type\" content=\"article\" \/>\n<meta property=\"og:title\" content=\"Faq - Foire aux questions - Coplant\" \/>\n<meta property=\"og:description\" content=\"01. O\u00f9 se situe votre p\u00e9pini\u00e8re? Notre p\u00e9pini\u00e8re est situ\u00e9e \u00e0 Canneto sull&#8217;Oglio, dans la province de Mantoue, dans le nord de l&#8217;Italie. 02. Vendez-vous \u00e9galement aux particuliers? Non, nous ne vendons pas aux particuliers ; nous sommes une p\u00e9pini\u00e8re en gros. 03. \u00c0 quel type de client\u00e8le vous adressez-vous ? Nous servons les professionnels [&hellip;]\" \/>\n<meta property=\"og:url\" content=\"https:\/\/www.coplant.it\/domande-frequenti\/\" \/>\n<meta property=\"og:site_name\" content=\"Coplant\" \/>\n<meta property=\"article:modified_time\" content=\"2025-07-10T06:43:23+00:00\" \/>\n<meta name=\"twitter:card\" content=\"summary_large_image\" \/>\n<meta name=\"twitter:label1\" content=\"Dur\u00e9e de lecture estim\u00e9e\" \/>\n\t<meta name=\"twitter:data1\" content=\"2 minutes\" \/>\n<script type=\"application\/ld+json\" class=\"yoast-schema-graph\">{\"@context\":\"https:\\\/\\\/schema.org\",\"@graph\":[{\"@type\":\"WebPage\",\"@id\":\"https:\\\/\\\/www.coplant.it\\\/domande-frequenti\\\/\",\"url\":\"https:\\\/\\\/www.coplant.it\\\/domande-frequenti\\\/\",\"name\":\"Faq - Foire aux questions - Coplant\",\"isPartOf\":{\"@id\":\"https:\\\/\\\/www.coplant.it\\\/#website\"},\"datePublished\":\"2020-08-19T05:40:26+00:00\",\"dateModified\":\"2025-07-10T06:43:23+00:00\",\"breadcrumb\":{\"@id\":\"https:\\\/\\\/www.coplant.it\\\/domande-frequenti\\\/#breadcrumb\"},\"inLanguage\":\"fr-FR\",\"potentialAction\":[{\"@type\":\"ReadAction\",\"target\":[\"https:\\\/\\\/www.coplant.it\\\/domande-frequenti\\\/\"]}]},{\"@type\":\"BreadcrumbList\",\"@id\":\"https:\\\/\\\/www.coplant.it\\\/domande-frequenti\\\/#breadcrumb\",\"itemListElement\":[{\"@type\":\"ListItem\",\"position\":1,\"name\":\"Home\",\"item\":\"https:\\\/\\\/www.coplant.it\\\/\"},{\"@type\":\"ListItem\",\"position\":2,\"name\":\"Faq &#8211; Foire aux questions\"}]},{\"@type\":\"WebSite\",\"@id\":\"https:\\\/\\\/www.coplant.it\\\/#website\",\"url\":\"https:\\\/\\\/www.coplant.it\\\/\",\"name\":\"Coplant\",\"description\":\"Professionisti del verde\",\"publisher\":{\"@id\":\"https:\\\/\\\/www.coplant.it\\\/#organization\"},\"potentialAction\":[{\"@type\":\"SearchAction\",\"target\":{\"@type\":\"EntryPoint\",\"urlTemplate\":\"https:\\\/\\\/www.coplant.it\\\/?s={search_term_string}\"},\"query-input\":{\"@type\":\"PropertyValueSpecification\",\"valueRequired\":true,\"valueName\":\"search_term_string\"}}],\"inLanguage\":\"fr-FR\"},{\"@type\":\"Organization\",\"@id\":\"https:\\\/\\\/www.coplant.it\\\/#organization\",\"name\":\"Coplant\",\"url\":\"https:\\\/\\\/www.coplant.it\\\/\",\"logo\":{\"@type\":\"ImageObject\",\"inLanguage\":\"fr-FR\",\"@id\":\"https:\\\/\\\/www.coplant.it\\\/#\\\/schema\\\/logo\\\/image\\\/\",\"url\":\"https:\\\/\\\/www.coplant.it\\\/wp-content\\\/uploads\\\/2023\\\/12\\\/logo.png\",\"contentUrl\":\"https:\\\/\\\/www.coplant.it\\\/wp-content\\\/uploads\\\/2023\\\/12\\\/logo.png\",\"width\":3543,\"height\":1164,\"caption\":\"Coplant\"},\"image\":{\"@id\":\"https:\\\/\\\/www.coplant.it\\\/#\\\/schema\\\/logo\\\/image\\\/\"}}]}<\/script>\n<!-- \/ Yoast SEO plugin. -->","yoast_head_json":{"title":"Faq - Foire aux questions - Coplant","robots":{"index":"index","follow":"follow","max-snippet":"max-snippet:-1","max-image-preview":"max-image-preview:large","max-video-preview":"max-video-preview:-1"},"canonical":"https:\/\/www.coplant.it\/domande-frequenti\/","og_locale":"fr_FR","og_type":"article","og_title":"Faq - Foire aux questions - Coplant","og_description":"01. O\u00f9 se situe votre p\u00e9pini\u00e8re? Notre p\u00e9pini\u00e8re est situ\u00e9e \u00e0 Canneto sull&#8217;Oglio, dans la province de Mantoue, dans le nord de l&#8217;Italie. 02. Vendez-vous \u00e9galement aux particuliers? Non, nous ne vendons pas aux particuliers ; nous sommes une p\u00e9pini\u00e8re en gros. 03. \u00c0 quel type de client\u00e8le vous adressez-vous ? Nous servons les professionnels [&hellip;]","og_url":"https:\/\/www.coplant.it\/domande-frequenti\/","og_site_name":"Coplant","article_modified_time":"2025-07-10T06:43:23+00:00","twitter_card":"summary_large_image","twitter_misc":{"Dur\u00e9e de lecture estim\u00e9e":"2 minutes"},"schema":{"@context":"https:\/\/schema.org","@graph":[{"@type":"WebPage","@id":"https:\/\/www.coplant.it\/domande-frequenti\/","url":"https:\/\/www.coplant.it\/domande-frequenti\/","name":"Faq - Foire aux questions - Coplant","isPartOf":{"@id":"https:\/\/www.coplant.it\/#website"},"datePublished":"2020-08-19T05:40:26+00:00","dateModified":"2025-07-10T06:43:23+00:00","breadcrumb":{"@id":"https:\/\/www.coplant.it\/domande-frequenti\/#breadcrumb"},"inLanguage":"fr-FR","potentialAction":[{"@type":"ReadAction","target":["https:\/\/www.coplant.it\/domande-frequenti\/"]}]},{"@type":"BreadcrumbList","@id":"https:\/\/www.coplant.it\/domande-frequenti\/#breadcrumb","itemListElement":[{"@type":"ListItem","position":1,"name":"Home","item":"https:\/\/www.coplant.it\/"},{"@type":"ListItem","position":2,"name":"Faq &#8211; Foire aux questions"}]},{"@type":"WebSite","@id":"https:\/\/www.coplant.it\/#website","url":"https:\/\/www.coplant.it\/","name":"Coplant","description":"Professionisti del verde","publisher":{"@id":"https:\/\/www.coplant.it\/#organization"},"potentialAction":[{"@type":"SearchAction","target":{"@type":"EntryPoint","urlTemplate":"https:\/\/www.coplant.it\/?s={search_term_string}"},"query-input":{"@type":"PropertyValueSpecification","valueRequired":true,"valueName":"search_term_string"}}],"inLanguage":"fr-FR"},{"@type":"Organization","@id":"https:\/\/www.coplant.it\/#organization","name":"Coplant","url":"https:\/\/www.coplant.it\/","logo":{"@type":"ImageObject","inLanguage":"fr-FR","@id":"https:\/\/www.coplant.it\/#\/schema\/logo\/image\/","url":"https:\/\/www.coplant.it\/wp-content\/uploads\/2023\/12\/logo.png","contentUrl":"https:\/\/www.coplant.it\/wp-content\/uploads\/2023\/12\/logo.png","width":3543,"height":1164,"caption":"Coplant"},"image":{"@id":"https:\/\/www.coplant.it\/#\/schema\/logo\/image\/"}}]}},"jetpack_sharing_enabled":true,"_links":{"self":[{"href":"https:\/\/www.coplant.it\/fr\/wp-json\/wp\/v2\/pages\/42992","targetHints":{"allow":["GET"]}}],"collection":[{"href":"https:\/\/www.coplant.it\/fr\/wp-json\/wp\/v2\/pages"}],"about":[{"href":"https:\/\/www.coplant.it\/fr\/wp-json\/wp\/v2\/types\/page"}],"author":[{"embeddable":true,"href":"https:\/\/www.coplant.it\/fr\/wp-json\/wp\/v2\/users\/1"}],"replies":[{"embeddable":true,"href":"https:\/\/www.coplant.it\/fr\/wp-json\/wp\/v2\/comments?post=42992"}],"version-history":[{"count":9,"href":"https:\/\/www.coplant.it\/fr\/wp-json\/wp\/v2\/pages\/42992\/revisions"}],"predecessor-version":[{"id":62221,"href":"https:\/\/www.coplant.it\/fr\/wp-json\/wp\/v2\/pages\/42992\/revisions\/62221"}],"wp:attachment":[{"href":"https:\/\/www.coplant.it\/fr\/wp-json\/wp\/v2\/media?parent=42992"}],"curies":[{"name":"wp","href":"https:\/\/api.w.org\/{rel}","templated":true}]}}