{"id":43007,"date":"2016-03-11T16:06:53","date_gmt":"2016-03-11T15:06:53","guid":{"rendered":"https:\/\/www.coplant.it\/my-account\/"},"modified":"2025-07-23T19:12:20","modified_gmt":"2025-07-23T17:12:20","slug":"my-account","status":"publish","type":"page","link":"https:\/\/www.coplant.it\/fr\/my-account\/","title":{"rendered":"Mon compte"},"content":{"rendered":"\t\t<div data-elementor-type=\"wp-page\" data-elementor-id=\"43007\" class=\"elementor elementor-43007\" data-elementor-post-type=\"page\">\n\t\t\t\t\t\t<section class=\"elementor-section elementor-top-section elementor-element elementor-element-45826ec elementor-section-boxed elementor-section-height-default elementor-section-height-default\" data-id=\"45826ec\" data-element_type=\"section\" data-e-type=\"section\" data-settings=\"{&quot;background_background&quot;:&quot;classic&quot;}\">\n\t\t\t\t\t\t<div class=\"elementor-container elementor-column-gap-default\">\n\t\t\t\t\t<div class=\"elementor-column elementor-col-100 elementor-top-column elementor-element elementor-element-ea05c71\" data-id=\"ea05c71\" data-element_type=\"column\" data-e-type=\"column\">\n\t\t\t<div class=\"elementor-widget-wrap elementor-element-populated\">\n\t\t\t\t\t\t<section class=\"elementor-section elementor-inner-section elementor-element elementor-element-9df7d56 elementor-section-boxed elementor-section-height-default elementor-section-height-default\" data-id=\"9df7d56\" data-element_type=\"section\" data-e-type=\"section\">\n\t\t\t\t\t\t<div class=\"elementor-container elementor-column-gap-default\">\n\t\t\t\t\t<div class=\"elementor-column elementor-col-100 elementor-inner-column elementor-element elementor-element-0fd049a\" data-id=\"0fd049a\" data-element_type=\"column\" data-e-type=\"column\">\n\t\t\t<div class=\"elementor-widget-wrap elementor-element-populated\">\n\t\t\t\t\t\t<div class=\"elementor-element elementor-element-6c8391f title-block-1 elementor-widget elementor-widget-heading\" data-id=\"6c8391f\" data-element_type=\"widget\" data-e-type=\"widget\" data-widget_type=\"heading.default\">\n\t\t\t\t<div class=\"elementor-widget-container\">\n\t\t\t\t\t<h2 class=\"elementor-heading-title elementor-size-default\">Vente r\u00e9serv\u00e9e aux <span>professionnels du vert<\/span><\/h2>\t\t\t\t<\/div>\n\t\t\t\t<\/div>\n\t\t\t\t<div class=\"elementor-element elementor-element-9922813 elementor-widget elementor-widget-heading\" data-id=\"9922813\" data-element_type=\"widget\" data-e-type=\"widget\" data-widget_type=\"heading.default\">\n\t\t\t\t<div class=\"elementor-widget-container\">\n\t\t\t\t\t<h4 class=\"elementor-heading-title elementor-size-default\"><br>Les demandes d'inscription \u00e9manant de particuliers ne seront pas accept\u00e9es.<\/h4>\t\t\t\t<\/div>\n\t\t\t\t<\/div>\n\t\t\t\t<div class=\"elementor-element elementor-element-22024a0 elementor-align-center elementor-widget elementor-widget-button\" data-id=\"22024a0\" data-element_type=\"widget\" data-e-type=\"widget\" data-widget_type=\"button.default\">\n\t\t\t\t<div class=\"elementor-widget-container\">\n\t\t\t\t\t\t\t\t\t<div class=\"elementor-button-wrapper\">\n\t\t\t\t\t<a class=\"elementor-button elementor-button-link elementor-size-sm\" href=\"https:\/\/www.coplant.it\/fr\/domande-frequenti\/\">\n\t\t\t\t\t\t<span class=\"elementor-button-content-wrapper\">\n\t\t\t\t\t\t\t\t\t<span class=\"elementor-button-text\">FAQ \u2013 Foire aux questions<\/span>\n\t\t\t\t\t<\/span>\n\t\t\t\t\t<\/a>\n\t\t\t\t<\/div>\n\t\t\t\t\t\t\t\t<\/div>\n\t\t\t\t<\/div>\n\t\t\t\t\t<\/div>\n\t\t<\/div>\n\t\t\t\t\t<\/div>\n\t\t<\/section>\n\t\t\t\t\t<\/div>\n\t\t<\/div>\n\t\t\t\t\t<\/div>\n\t\t<\/section>\n\t\t<div class=\"elementor-element elementor-element-72282e1b e-flex e-con-boxed e-con e-parent\" data-id=\"72282e1b\" data-element_type=\"container\" data-e-type=\"container\">\n\t\t\t\t\t<div class=\"e-con-inner\">\n\t\t\t\t<div class=\"elementor-element elementor-element-7e7b0707 elementor-widget elementor-widget-shortcode\" data-id=\"7e7b0707\" data-element_type=\"widget\" data-e-type=\"widget\" data-widget_type=\"shortcode.default\">\n\t\t\t\t<div class=\"elementor-widget-container\">\n\t\t\t\t\t\t\t<div class=\"elementor-shortcode\"><div class=\"woocommerce\"><\/div><\/div>\n\t\t\t\t\t\t<\/div>\n\t\t\t\t<\/div>\n\t\t\t\t\t<\/div>\n\t\t\t\t<\/div>\n\t\t\t\t<\/div>\n\t\t","protected":false},"excerpt":{"rendered":"<p>Vente r\u00e9serv\u00e9e aux professionnels du vert Les demandes d&#8217;inscription \u00e9manant de particuliers ne seront pas accept\u00e9es. FAQ \u2013 Foire aux questions<\/p>\n","protected":false},"author":1,"featured_media":0,"parent":0,"menu_order":0,"comment_status":"closed","ping_status":"closed","template":"","meta":{"_acf_changed":false,"footnotes":""},"class_list":["post-43007","page","type-page","status-publish","hentry"],"acf":[],"yoast_head":"<!-- This site is optimized with the Yoast SEO plugin v27.5 - https:\/\/yoast.com\/product\/yoast-seo-wordpress\/ -->\n<title>Coplant | Il mio account<\/title>\n<meta name=\"description\" content=\"Visita Coplant. Leader nel settore florovivaistico dal 1993. Coplant offre una gamma sempre pi\u00f9 completa: tappezzanti, arbusti da fiore e sempreverdi in diverse variet\u00e0 e misure.\" \/>\n<meta name=\"robots\" content=\"index, follow, max-snippet:-1, max-image-preview:large, max-video-preview:-1\" \/>\n<link rel=\"canonical\" href=\"https:\/\/www.coplant.it\/fr\/my-account\/\" \/>\n<meta property=\"og:locale\" content=\"fr_FR\" \/>\n<meta property=\"og:type\" content=\"article\" \/>\n<meta property=\"og:title\" content=\"Coplant | Il mio account\" \/>\n<meta property=\"og:description\" content=\"Visita Coplant. Leader nel settore florovivaistico dal 1993. Coplant offre una gamma sempre pi\u00f9 completa: tappezzanti, arbusti da fiore e sempreverdi in diverse variet\u00e0 e misure.\" \/>\n<meta property=\"og:url\" content=\"https:\/\/www.coplant.it\/fr\/my-account\/\" \/>\n<meta property=\"og:site_name\" content=\"Coplant\" \/>\n<meta property=\"article:modified_time\" content=\"2025-07-23T17:12:20+00:00\" \/>\n<meta name=\"twitter:card\" content=\"summary_large_image\" \/>\n<meta name=\"twitter:label1\" content=\"Dur\u00e9e de lecture estim\u00e9e\" \/>\n\t<meta name=\"twitter:data1\" content=\"1 minute\" \/>\n<script type=\"application\/ld+json\" class=\"yoast-schema-graph\">{\"@context\":\"https:\\\/\\\/schema.org\",\"@graph\":[{\"@type\":\"WebPage\",\"@id\":\"https:\\\/\\\/www.coplant.it\\\/fr\\\/my-account\\\/\",\"url\":\"https:\\\/\\\/www.coplant.it\\\/fr\\\/my-account\\\/\",\"name\":\"Coplant | Il mio account\",\"isPartOf\":{\"@id\":\"https:\\\/\\\/www.coplant.it\\\/#website\"},\"datePublished\":\"2016-03-11T15:06:53+00:00\",\"dateModified\":\"2025-07-23T17:12:20+00:00\",\"description\":\"Visita Coplant. Leader nel settore florovivaistico dal 1993. Coplant offre una gamma sempre pi\u00f9 completa: tappezzanti, arbusti da fiore e sempreverdi in diverse variet\u00e0 e misure.\",\"breadcrumb\":{\"@id\":\"https:\\\/\\\/www.coplant.it\\\/fr\\\/my-account\\\/#breadcrumb\"},\"inLanguage\":\"fr-FR\",\"potentialAction\":[{\"@type\":\"ReadAction\",\"target\":[\"https:\\\/\\\/www.coplant.it\\\/fr\\\/my-account\\\/\"]}]},{\"@type\":\"BreadcrumbList\",\"@id\":\"https:\\\/\\\/www.coplant.it\\\/fr\\\/my-account\\\/#breadcrumb\",\"itemListElement\":[{\"@type\":\"ListItem\",\"position\":1,\"name\":\"Home\",\"item\":\"https:\\\/\\\/www.coplant.it\\\/\"},{\"@type\":\"ListItem\",\"position\":2,\"name\":\"Mon compte\"}]},{\"@type\":\"WebSite\",\"@id\":\"https:\\\/\\\/www.coplant.it\\\/#website\",\"url\":\"https:\\\/\\\/www.coplant.it\\\/\",\"name\":\"Coplant\",\"description\":\"Professionisti del verde\",\"publisher\":{\"@id\":\"https:\\\/\\\/www.coplant.it\\\/#organization\"},\"potentialAction\":[{\"@type\":\"SearchAction\",\"target\":{\"@type\":\"EntryPoint\",\"urlTemplate\":\"https:\\\/\\\/www.coplant.it\\\/?s={search_term_string}\"},\"query-input\":{\"@type\":\"PropertyValueSpecification\",\"valueRequired\":true,\"valueName\":\"search_term_string\"}}],\"inLanguage\":\"fr-FR\"},{\"@type\":\"Organization\",\"@id\":\"https:\\\/\\\/www.coplant.it\\\/#organization\",\"name\":\"Coplant\",\"url\":\"https:\\\/\\\/www.coplant.it\\\/\",\"logo\":{\"@type\":\"ImageObject\",\"inLanguage\":\"fr-FR\",\"@id\":\"https:\\\/\\\/www.coplant.it\\\/#\\\/schema\\\/logo\\\/image\\\/\",\"url\":\"https:\\\/\\\/www.coplant.it\\\/wp-content\\\/uploads\\\/2023\\\/12\\\/logo.png\",\"contentUrl\":\"https:\\\/\\\/www.coplant.it\\\/wp-content\\\/uploads\\\/2023\\\/12\\\/logo.png\",\"width\":3543,\"height\":1164,\"caption\":\"Coplant\"},\"image\":{\"@id\":\"https:\\\/\\\/www.coplant.it\\\/#\\\/schema\\\/logo\\\/image\\\/\"}}]}<\/script>\n<!-- \/ Yoast SEO plugin. -->","yoast_head_json":{"title":"Coplant | Il mio account","description":"Visita Coplant. Leader nel settore florovivaistico dal 1993. Coplant offre una gamma sempre pi\u00f9 completa: tappezzanti, arbusti da fiore e sempreverdi in diverse variet\u00e0 e misure.","robots":{"index":"index","follow":"follow","max-snippet":"max-snippet:-1","max-image-preview":"max-image-preview:large","max-video-preview":"max-video-preview:-1"},"canonical":"https:\/\/www.coplant.it\/fr\/my-account\/","og_locale":"fr_FR","og_type":"article","og_title":"Coplant | Il mio account","og_description":"Visita Coplant. Leader nel settore florovivaistico dal 1993. Coplant offre una gamma sempre pi\u00f9 completa: tappezzanti, arbusti da fiore e sempreverdi in diverse variet\u00e0 e misure.","og_url":"https:\/\/www.coplant.it\/fr\/my-account\/","og_site_name":"Coplant","article_modified_time":"2025-07-23T17:12:20+00:00","twitter_card":"summary_large_image","twitter_misc":{"Dur\u00e9e de lecture estim\u00e9e":"1 minute"},"schema":{"@context":"https:\/\/schema.org","@graph":[{"@type":"WebPage","@id":"https:\/\/www.coplant.it\/fr\/my-account\/","url":"https:\/\/www.coplant.it\/fr\/my-account\/","name":"Coplant | Il mio account","isPartOf":{"@id":"https:\/\/www.coplant.it\/#website"},"datePublished":"2016-03-11T15:06:53+00:00","dateModified":"2025-07-23T17:12:20+00:00","description":"Visita Coplant. Leader nel settore florovivaistico dal 1993. Coplant offre una gamma sempre pi\u00f9 completa: tappezzanti, arbusti da fiore e sempreverdi in diverse variet\u00e0 e misure.","breadcrumb":{"@id":"https:\/\/www.coplant.it\/fr\/my-account\/#breadcrumb"},"inLanguage":"fr-FR","potentialAction":[{"@type":"ReadAction","target":["https:\/\/www.coplant.it\/fr\/my-account\/"]}]},{"@type":"BreadcrumbList","@id":"https:\/\/www.coplant.it\/fr\/my-account\/#breadcrumb","itemListElement":[{"@type":"ListItem","position":1,"name":"Home","item":"https:\/\/www.coplant.it\/"},{"@type":"ListItem","position":2,"name":"Mon compte"}]},{"@type":"WebSite","@id":"https:\/\/www.coplant.it\/#website","url":"https:\/\/www.coplant.it\/","name":"Coplant","description":"Professionisti del verde","publisher":{"@id":"https:\/\/www.coplant.it\/#organization"},"potentialAction":[{"@type":"SearchAction","target":{"@type":"EntryPoint","urlTemplate":"https:\/\/www.coplant.it\/?s={search_term_string}"},"query-input":{"@type":"PropertyValueSpecification","valueRequired":true,"valueName":"search_term_string"}}],"inLanguage":"fr-FR"},{"@type":"Organization","@id":"https:\/\/www.coplant.it\/#organization","name":"Coplant","url":"https:\/\/www.coplant.it\/","logo":{"@type":"ImageObject","inLanguage":"fr-FR","@id":"https:\/\/www.coplant.it\/#\/schema\/logo\/image\/","url":"https:\/\/www.coplant.it\/wp-content\/uploads\/2023\/12\/logo.png","contentUrl":"https:\/\/www.coplant.it\/wp-content\/uploads\/2023\/12\/logo.png","width":3543,"height":1164,"caption":"Coplant"},"image":{"@id":"https:\/\/www.coplant.it\/#\/schema\/logo\/image\/"}}]}},"jetpack_sharing_enabled":true,"_links":{"self":[{"href":"https:\/\/www.coplant.it\/fr\/wp-json\/wp\/v2\/pages\/43007","targetHints":{"allow":["GET"]}}],"collection":[{"href":"https:\/\/www.coplant.it\/fr\/wp-json\/wp\/v2\/pages"}],"about":[{"href":"https:\/\/www.coplant.it\/fr\/wp-json\/wp\/v2\/types\/page"}],"author":[{"embeddable":true,"href":"https:\/\/www.coplant.it\/fr\/wp-json\/wp\/v2\/users\/1"}],"replies":[{"embeddable":true,"href":"https:\/\/www.coplant.it\/fr\/wp-json\/wp\/v2\/comments?post=43007"}],"version-history":[{"count":25,"href":"https:\/\/www.coplant.it\/fr\/wp-json\/wp\/v2\/pages\/43007\/revisions"}],"predecessor-version":[{"id":62330,"href":"https:\/\/www.coplant.it\/fr\/wp-json\/wp\/v2\/pages\/43007\/revisions\/62330"}],"wp:attachment":[{"href":"https:\/\/www.coplant.it\/fr\/wp-json\/wp\/v2\/media?parent=43007"}],"curies":[{"name":"wp","href":"https:\/\/api.w.org\/{rel}","templated":true}]}}