{"id":58088,"date":"2024-09-30T15:57:16","date_gmt":"2024-09-30T13:57:16","guid":{"rendered":"https:\/\/www.coplant.it\/product\/robinia-pseud-casque-rouge-cepp-h-250-300-vaso\/"},"modified":"2026-04-30T09:21:53","modified_gmt":"2026-04-30T07:21:53","slug":"robinia-pseud-casque-rouge-cepp-h-250-300-vaso","status":"publish","type":"product","link":"https:\/\/www.coplant.it\/fr\/shop\/robinia-pseud-casque-rouge-cepp-h-250-300-vaso\/","title":{"rendered":"ROBINIA PSEUD. CASQUE ROUGE CEPP. H 250\/300 VASO"},"content":{"rendered":"<p>ROBINIA PSEUD. CASQUE ROUGE CEPP. H 250\/300 VASO<br \/>\nFascia climatica: temperata<br \/>\nMese fioritura: primavera<br \/>\nColore foglia: verde scuro<br \/>\nSviluppo massimo: 15 metri<br \/>\nSociabilit\u00e0 da 1 a 5: 4<br \/>\nSviluppo vegetativo: rapido<br \/>\nCaducifoglie: s\u00ec<br \/>\nTipo di terreno adatto: leggermente acido<br \/>\nEsposizione: pieno sole<br \/>\nResistenza alla siccit\u00e0: alta<br \/>\nResistenza al caldo: media<br \/>\nResistenza al freddo: alta<\/p>\n","protected":false},"excerpt":{"rendered":"<p>ROBINIA PSEUD. CASQUE ROUGE CEPP. H 250\/300 VASO Fascia climatica: temperata Mese fioritura: primavera Colore foglia: verde scuro Sviluppo massimo: 15 metri Sociabilit\u00e0 da 1 a 5: 4 Sviluppo vegetativo: rapido Caducifoglie: s\u00ec Tipo di terreno adatto: leggermente acido Esposizione: pieno sole Resistenza alla siccit\u00e0: alta Resistenza al caldo: media Resistenza al freddo: alta<\/p>\n","protected":false},"featured_media":58080,"template":"","meta":{"_acf_changed":false},"product_brand":[],"product_cat":[158],"product_tag":[160,161,467],"class_list":{"0":"post-58088","1":"product","2":"type-product","3":"status-publish","4":"has-post-thumbnail","6":"product_cat-alberatura-vaso","7":"product_tag-caducifoglie","8":"product_tag-ceppaia","9":"product_tag-robinia","12":"first","13":"instock","14":"shipping-taxable","15":"purchasable","16":"product-type-simple"},"acf":[],"yoast_head":"<!-- This site is optimized with the Yoast SEO plugin v27.5 - https:\/\/yoast.com\/product\/yoast-seo-wordpress\/ -->\n<title>ROBINIA PSEUD. CASQUE ROUGE CEPP. H 250\/300 VASO - Coplant<\/title>\n<meta name=\"robots\" content=\"index, follow, max-snippet:-1, max-image-preview:large, max-video-preview:-1\" \/>\n<link rel=\"canonical\" href=\"https:\/\/www.coplant.it\/shop\/robinia-pseud-casque-rouge-cepp-h-250-300-vaso\/\" \/>\n<meta property=\"og:locale\" content=\"fr_FR\" \/>\n<meta property=\"og:type\" content=\"article\" \/>\n<meta property=\"og:title\" content=\"ROBINIA PSEUD. CASQUE ROUGE CEPP. H 250\/300 VASO - Coplant\" \/>\n<meta property=\"og:description\" content=\"ROBINIA PSEUD. CASQUE ROUGE CEPP. H 250\/300 VASO Fascia climatica: temperata Mese fioritura: primavera Colore foglia: verde scuro Sviluppo massimo: 15 metri Sociabilit\u00e0 da 1 a 5: 4 Sviluppo vegetativo: rapido Caducifoglie: s\u00ec Tipo di terreno adatto: leggermente acido Esposizione: pieno sole Resistenza alla siccit\u00e0: alta Resistenza al caldo: media Resistenza al freddo: alta\" \/>\n<meta property=\"og:url\" content=\"https:\/\/www.coplant.it\/shop\/robinia-pseud-casque-rouge-cepp-h-250-300-vaso\/\" \/>\n<meta property=\"og:site_name\" content=\"Coplant\" \/>\n<meta property=\"article:modified_time\" content=\"2026-04-30T07:21:53+00:00\" \/>\n<meta property=\"og:image\" content=\"https:\/\/www.coplant.it\/wp-content\/uploads\/2024\/09\/ROBI.PS_.CR_.VC3_3295.jpg\" \/>\n\t<meta property=\"og:image:width\" content=\"1126\" \/>\n\t<meta property=\"og:image:height\" content=\"2000\" \/>\n\t<meta property=\"og:image:type\" content=\"image\/jpeg\" \/>\n<meta name=\"twitter:card\" content=\"summary_large_image\" \/>\n<script type=\"application\/ld+json\" class=\"yoast-schema-graph\">{\"@context\":\"https:\\\/\\\/schema.org\",\"@graph\":[{\"@type\":\"WebPage\",\"@id\":\"https:\\\/\\\/www.coplant.it\\\/shop\\\/robinia-pseud-casque-rouge-cepp-h-250-300-vaso\\\/\",\"url\":\"https:\\\/\\\/www.coplant.it\\\/shop\\\/robinia-pseud-casque-rouge-cepp-h-250-300-vaso\\\/\",\"name\":\"ROBINIA PSEUD. CASQUE ROUGE CEPP. H 250\\\/300 VASO - Coplant\",\"isPartOf\":{\"@id\":\"https:\\\/\\\/www.coplant.it\\\/#website\"},\"primaryImageOfPage\":{\"@id\":\"https:\\\/\\\/www.coplant.it\\\/shop\\\/robinia-pseud-casque-rouge-cepp-h-250-300-vaso\\\/#primaryimage\"},\"image\":{\"@id\":\"https:\\\/\\\/www.coplant.it\\\/shop\\\/robinia-pseud-casque-rouge-cepp-h-250-300-vaso\\\/#primaryimage\"},\"thumbnailUrl\":\"https:\\\/\\\/www.coplant.it\\\/wp-content\\\/uploads\\\/2024\\\/09\\\/ROBI.PS_.CR_.VC3_3295.jpg\",\"datePublished\":\"2024-09-30T13:57:16+00:00\",\"dateModified\":\"2026-04-30T07:21:53+00:00\",\"breadcrumb\":{\"@id\":\"https:\\\/\\\/www.coplant.it\\\/shop\\\/robinia-pseud-casque-rouge-cepp-h-250-300-vaso\\\/#breadcrumb\"},\"inLanguage\":\"fr-FR\",\"potentialAction\":[{\"@type\":\"ReadAction\",\"target\":[\"https:\\\/\\\/www.coplant.it\\\/shop\\\/robinia-pseud-casque-rouge-cepp-h-250-300-vaso\\\/\"]}]},{\"@type\":\"ImageObject\",\"inLanguage\":\"fr-FR\",\"@id\":\"https:\\\/\\\/www.coplant.it\\\/shop\\\/robinia-pseud-casque-rouge-cepp-h-250-300-vaso\\\/#primaryimage\",\"url\":\"https:\\\/\\\/www.coplant.it\\\/wp-content\\\/uploads\\\/2024\\\/09\\\/ROBI.PS_.CR_.VC3_3295.jpg\",\"contentUrl\":\"https:\\\/\\\/www.coplant.it\\\/wp-content\\\/uploads\\\/2024\\\/09\\\/ROBI.PS_.CR_.VC3_3295.jpg\",\"width\":1126,\"height\":2000},{\"@type\":\"BreadcrumbList\",\"@id\":\"https:\\\/\\\/www.coplant.it\\\/shop\\\/robinia-pseud-casque-rouge-cepp-h-250-300-vaso\\\/#breadcrumb\",\"itemListElement\":[{\"@type\":\"ListItem\",\"position\":1,\"name\":\"Home\",\"item\":\"https:\\\/\\\/www.coplant.it\\\/\"},{\"@type\":\"ListItem\",\"position\":2,\"name\":\"Shop\",\"item\":\"https:\\\/\\\/www.coplant.it\\\/shop\\\/\"},{\"@type\":\"ListItem\",\"position\":3,\"name\":\"ROBINIA PSEUD. CASQUE ROUGE CEPP. H 250\\\/300 VASO\"}]},{\"@type\":\"WebSite\",\"@id\":\"https:\\\/\\\/www.coplant.it\\\/#website\",\"url\":\"https:\\\/\\\/www.coplant.it\\\/\",\"name\":\"Coplant\",\"description\":\"Professionisti del verde\",\"publisher\":{\"@id\":\"https:\\\/\\\/www.coplant.it\\\/#organization\"},\"potentialAction\":[{\"@type\":\"SearchAction\",\"target\":{\"@type\":\"EntryPoint\",\"urlTemplate\":\"https:\\\/\\\/www.coplant.it\\\/?s={search_term_string}\"},\"query-input\":{\"@type\":\"PropertyValueSpecification\",\"valueRequired\":true,\"valueName\":\"search_term_string\"}}],\"inLanguage\":\"fr-FR\"},{\"@type\":\"Organization\",\"@id\":\"https:\\\/\\\/www.coplant.it\\\/#organization\",\"name\":\"Coplant\",\"url\":\"https:\\\/\\\/www.coplant.it\\\/\",\"logo\":{\"@type\":\"ImageObject\",\"inLanguage\":\"fr-FR\",\"@id\":\"https:\\\/\\\/www.coplant.it\\\/#\\\/schema\\\/logo\\\/image\\\/\",\"url\":\"https:\\\/\\\/www.coplant.it\\\/wp-content\\\/uploads\\\/2023\\\/12\\\/logo.png\",\"contentUrl\":\"https:\\\/\\\/www.coplant.it\\\/wp-content\\\/uploads\\\/2023\\\/12\\\/logo.png\",\"width\":3543,\"height\":1164,\"caption\":\"Coplant\"},\"image\":{\"@id\":\"https:\\\/\\\/www.coplant.it\\\/#\\\/schema\\\/logo\\\/image\\\/\"}}]}<\/script>\n<!-- \/ Yoast SEO plugin. -->","yoast_head_json":{"title":"ROBINIA PSEUD. CASQUE ROUGE CEPP. H 250\/300 VASO - Coplant","robots":{"index":"index","follow":"follow","max-snippet":"max-snippet:-1","max-image-preview":"max-image-preview:large","max-video-preview":"max-video-preview:-1"},"canonical":"https:\/\/www.coplant.it\/shop\/robinia-pseud-casque-rouge-cepp-h-250-300-vaso\/","og_locale":"fr_FR","og_type":"article","og_title":"ROBINIA PSEUD. CASQUE ROUGE CEPP. H 250\/300 VASO - Coplant","og_description":"ROBINIA PSEUD. CASQUE ROUGE CEPP. H 250\/300 VASO Fascia climatica: temperata Mese fioritura: primavera Colore foglia: verde scuro Sviluppo massimo: 15 metri Sociabilit\u00e0 da 1 a 5: 4 Sviluppo vegetativo: rapido Caducifoglie: s\u00ec Tipo di terreno adatto: leggermente acido Esposizione: pieno sole Resistenza alla siccit\u00e0: alta Resistenza al caldo: media Resistenza al freddo: alta","og_url":"https:\/\/www.coplant.it\/shop\/robinia-pseud-casque-rouge-cepp-h-250-300-vaso\/","og_site_name":"Coplant","article_modified_time":"2026-04-30T07:21:53+00:00","og_image":[{"width":1126,"height":2000,"url":"https:\/\/www.coplant.it\/wp-content\/uploads\/2024\/09\/ROBI.PS_.CR_.VC3_3295.jpg","type":"image\/jpeg"}],"twitter_card":"summary_large_image","schema":{"@context":"https:\/\/schema.org","@graph":[{"@type":"WebPage","@id":"https:\/\/www.coplant.it\/shop\/robinia-pseud-casque-rouge-cepp-h-250-300-vaso\/","url":"https:\/\/www.coplant.it\/shop\/robinia-pseud-casque-rouge-cepp-h-250-300-vaso\/","name":"ROBINIA PSEUD. CASQUE ROUGE CEPP. H 250\/300 VASO - Coplant","isPartOf":{"@id":"https:\/\/www.coplant.it\/#website"},"primaryImageOfPage":{"@id":"https:\/\/www.coplant.it\/shop\/robinia-pseud-casque-rouge-cepp-h-250-300-vaso\/#primaryimage"},"image":{"@id":"https:\/\/www.coplant.it\/shop\/robinia-pseud-casque-rouge-cepp-h-250-300-vaso\/#primaryimage"},"thumbnailUrl":"https:\/\/www.coplant.it\/wp-content\/uploads\/2024\/09\/ROBI.PS_.CR_.VC3_3295.jpg","datePublished":"2024-09-30T13:57:16+00:00","dateModified":"2026-04-30T07:21:53+00:00","breadcrumb":{"@id":"https:\/\/www.coplant.it\/shop\/robinia-pseud-casque-rouge-cepp-h-250-300-vaso\/#breadcrumb"},"inLanguage":"fr-FR","potentialAction":[{"@type":"ReadAction","target":["https:\/\/www.coplant.it\/shop\/robinia-pseud-casque-rouge-cepp-h-250-300-vaso\/"]}]},{"@type":"ImageObject","inLanguage":"fr-FR","@id":"https:\/\/www.coplant.it\/shop\/robinia-pseud-casque-rouge-cepp-h-250-300-vaso\/#primaryimage","url":"https:\/\/www.coplant.it\/wp-content\/uploads\/2024\/09\/ROBI.PS_.CR_.VC3_3295.jpg","contentUrl":"https:\/\/www.coplant.it\/wp-content\/uploads\/2024\/09\/ROBI.PS_.CR_.VC3_3295.jpg","width":1126,"height":2000},{"@type":"BreadcrumbList","@id":"https:\/\/www.coplant.it\/shop\/robinia-pseud-casque-rouge-cepp-h-250-300-vaso\/#breadcrumb","itemListElement":[{"@type":"ListItem","position":1,"name":"Home","item":"https:\/\/www.coplant.it\/"},{"@type":"ListItem","position":2,"name":"Shop","item":"https:\/\/www.coplant.it\/shop\/"},{"@type":"ListItem","position":3,"name":"ROBINIA PSEUD. CASQUE ROUGE CEPP. H 250\/300 VASO"}]},{"@type":"WebSite","@id":"https:\/\/www.coplant.it\/#website","url":"https:\/\/www.coplant.it\/","name":"Coplant","description":"Professionisti del verde","publisher":{"@id":"https:\/\/www.coplant.it\/#organization"},"potentialAction":[{"@type":"SearchAction","target":{"@type":"EntryPoint","urlTemplate":"https:\/\/www.coplant.it\/?s={search_term_string}"},"query-input":{"@type":"PropertyValueSpecification","valueRequired":true,"valueName":"search_term_string"}}],"inLanguage":"fr-FR"},{"@type":"Organization","@id":"https:\/\/www.coplant.it\/#organization","name":"Coplant","url":"https:\/\/www.coplant.it\/","logo":{"@type":"ImageObject","inLanguage":"fr-FR","@id":"https:\/\/www.coplant.it\/#\/schema\/logo\/image\/","url":"https:\/\/www.coplant.it\/wp-content\/uploads\/2023\/12\/logo.png","contentUrl":"https:\/\/www.coplant.it\/wp-content\/uploads\/2023\/12\/logo.png","width":3543,"height":1164,"caption":"Coplant"},"image":{"@id":"https:\/\/www.coplant.it\/#\/schema\/logo\/image\/"}}]}},"jetpack_sharing_enabled":true,"_links":{"self":[{"href":"https:\/\/www.coplant.it\/fr\/wp-json\/wp\/v2\/product\/58088","targetHints":{"allow":["GET"]}}],"collection":[{"href":"https:\/\/www.coplant.it\/fr\/wp-json\/wp\/v2\/product"}],"about":[{"href":"https:\/\/www.coplant.it\/fr\/wp-json\/wp\/v2\/types\/product"}],"version-history":[{"count":1,"href":"https:\/\/www.coplant.it\/fr\/wp-json\/wp\/v2\/product\/58088\/revisions"}],"predecessor-version":[{"id":58422,"href":"https:\/\/www.coplant.it\/fr\/wp-json\/wp\/v2\/product\/58088\/revisions\/58422"}],"wp:featuredmedia":[{"embeddable":true,"href":"https:\/\/www.coplant.it\/fr\/wp-json\/wp\/v2\/media\/58080"}],"wp:attachment":[{"href":"https:\/\/www.coplant.it\/fr\/wp-json\/wp\/v2\/media?parent=58088"}],"wp:term":[{"taxonomy":"product_brand","embeddable":true,"href":"https:\/\/www.coplant.it\/fr\/wp-json\/wp\/v2\/product_brand?post=58088"},{"taxonomy":"product_cat","embeddable":true,"href":"https:\/\/www.coplant.it\/fr\/wp-json\/wp\/v2\/product_cat?post=58088"},{"taxonomy":"product_tag","embeddable":true,"href":"https:\/\/www.coplant.it\/fr\/wp-json\/wp\/v2\/product_tag?post=58088"}],"curies":[{"name":"wp","href":"https:\/\/api.w.org\/{rel}","templated":true}]}}