{"id":34088,"date":"2024-02-19T11:19:31","date_gmt":"2024-02-19T10:19:31","guid":{"rendered":"https:\/\/www.coplant.it\/product\/hibiscus-syr-pink-giant-v65lt20x265\/"},"modified":"2026-04-29T09:03:22","modified_gmt":"2026-04-29T07:03:22","slug":"hibiscus-syr-pink-giant-v65lt20x265","status":"publish","type":"product","link":"https:\/\/www.coplant.it\/nl\/shop\/hibiscus-syr-pink-giant-v65lt20x265\/","title":{"rendered":"HIBISCUS SYR. PINK GIANT V6,5LT(20X26,5)"},"content":{"rendered":"<p>HIBISCUS SYR. PINK GIANT V6,5LT(20X26,5)<br \/>\nFascia climatica: temperata<br \/>\nMese fioritura: luglio-settembre<br \/>\nColore fioritura: rosa<br \/>\nColore foglia: verde scuro<br \/>\nSviluppo massimo: 2-3 metri<br \/>\nSociabilit\u00e0 da 1 a 5: 4<br \/>\nSviluppo vegetativo: medio<br \/>\nTipo di terreno adatto: ben drenato<br \/>\nResistenza alla siccit\u00e0: media<br \/>\nResistenza al caldo: media<br \/>\nResistenza al freddo: resistente (fino a -15\u00b0C)<\/p>\n","protected":false},"excerpt":{"rendered":"<p>HIBISCUS SYR. PINK GIANT V6,5LT(20X26,5) Fascia climatica: temperata Mese fioritura: luglio-settembre Colore fioritura: rosa Colore foglia: verde scuro Sviluppo massimo: 2-3 metri Sociabilit\u00e0 da 1 a 5: 4 Sviluppo vegetativo: medio Tipo di terreno adatto: ben drenato Resistenza alla siccit\u00e0: media Resistenza al caldo: media Resistenza al freddo: resistente (fino a -15\u00b0C)<\/p>\n","protected":false},"featured_media":40317,"template":"","meta":{"_acf_changed":false},"product_brand":[],"product_cat":[144],"product_tag":[160,147,148,355],"class_list":{"0":"post-34088","1":"product","2":"type-product","3":"status-publish","4":"has-post-thumbnail","6":"product_cat-arbusti","7":"product_tag-caducifoglie","8":"product_tag-fiore-rosa","9":"product_tag-foglia-verde","10":"product_tag-hibiscus","13":"first","14":"instock","15":"shipping-taxable","16":"purchasable","17":"product-type-simple"},"acf":[],"yoast_head":"<!-- This site is optimized with the Yoast SEO plugin v27.5 - https:\/\/yoast.com\/product\/yoast-seo-wordpress\/ -->\n<title>HIBISCUS SYR. PINK GIANT V6,5LT(20X26,5) - Coplant<\/title>\n<meta name=\"robots\" content=\"index, follow, max-snippet:-1, max-image-preview:large, max-video-preview:-1\" \/>\n<link rel=\"canonical\" href=\"https:\/\/www.coplant.it\/shop\/hibiscus-syr-pink-giant-v65lt20x265\/\" \/>\n<meta property=\"og:locale\" content=\"nl_NL\" \/>\n<meta property=\"og:type\" content=\"article\" \/>\n<meta property=\"og:title\" content=\"HIBISCUS SYR. PINK GIANT V6,5LT(20X26,5) - Coplant\" \/>\n<meta property=\"og:description\" content=\"HIBISCUS SYR. PINK GIANT V6,5LT(20X26,5) Fascia climatica: temperata Mese fioritura: luglio-settembre Colore fioritura: rosa Colore foglia: verde scuro Sviluppo massimo: 2-3 metri Sociabilit\u00e0 da 1 a 5: 4 Sviluppo vegetativo: medio Tipo di terreno adatto: ben drenato Resistenza alla siccit\u00e0: media Resistenza al caldo: media Resistenza al freddo: resistente (fino a -15\u00b0C)\" \/>\n<meta property=\"og:url\" content=\"https:\/\/www.coplant.it\/shop\/hibiscus-syr-pink-giant-v65lt20x265\/\" \/>\n<meta property=\"og:site_name\" content=\"Coplant\" \/>\n<meta property=\"article:modified_time\" content=\"2026-04-29T07:03:22+00:00\" \/>\n<meta property=\"og:image\" content=\"https:\/\/www.coplant.it\/wp-content\/uploads\/2024\/04\/HIBI.SY_.PG_.E1_2046.jpg\" \/>\n\t<meta property=\"og:image:width\" content=\"1154\" \/>\n\t<meta property=\"og:image:height\" content=\"1154\" \/>\n\t<meta property=\"og:image:type\" content=\"image\/jpeg\" \/>\n<meta name=\"twitter:card\" content=\"summary_large_image\" \/>\n<script type=\"application\/ld+json\" class=\"yoast-schema-graph\">{\"@context\":\"https:\\\/\\\/schema.org\",\"@graph\":[{\"@type\":\"WebPage\",\"@id\":\"https:\\\/\\\/www.coplant.it\\\/shop\\\/hibiscus-syr-pink-giant-v65lt20x265\\\/\",\"url\":\"https:\\\/\\\/www.coplant.it\\\/shop\\\/hibiscus-syr-pink-giant-v65lt20x265\\\/\",\"name\":\"HIBISCUS SYR. PINK GIANT V6,5LT(20X26,5) - Coplant\",\"isPartOf\":{\"@id\":\"https:\\\/\\\/www.coplant.it\\\/#website\"},\"primaryImageOfPage\":{\"@id\":\"https:\\\/\\\/www.coplant.it\\\/shop\\\/hibiscus-syr-pink-giant-v65lt20x265\\\/#primaryimage\"},\"image\":{\"@id\":\"https:\\\/\\\/www.coplant.it\\\/shop\\\/hibiscus-syr-pink-giant-v65lt20x265\\\/#primaryimage\"},\"thumbnailUrl\":\"https:\\\/\\\/www.coplant.it\\\/wp-content\\\/uploads\\\/2024\\\/04\\\/HIBI.SY_.PG_.E1_2046.jpg\",\"datePublished\":\"2024-02-19T10:19:31+00:00\",\"dateModified\":\"2026-04-29T07:03:22+00:00\",\"breadcrumb\":{\"@id\":\"https:\\\/\\\/www.coplant.it\\\/shop\\\/hibiscus-syr-pink-giant-v65lt20x265\\\/#breadcrumb\"},\"inLanguage\":\"nl-NL\",\"potentialAction\":[{\"@type\":\"ReadAction\",\"target\":[\"https:\\\/\\\/www.coplant.it\\\/shop\\\/hibiscus-syr-pink-giant-v65lt20x265\\\/\"]}]},{\"@type\":\"ImageObject\",\"inLanguage\":\"nl-NL\",\"@id\":\"https:\\\/\\\/www.coplant.it\\\/shop\\\/hibiscus-syr-pink-giant-v65lt20x265\\\/#primaryimage\",\"url\":\"https:\\\/\\\/www.coplant.it\\\/wp-content\\\/uploads\\\/2024\\\/04\\\/HIBI.SY_.PG_.E1_2046.jpg\",\"contentUrl\":\"https:\\\/\\\/www.coplant.it\\\/wp-content\\\/uploads\\\/2024\\\/04\\\/HIBI.SY_.PG_.E1_2046.jpg\",\"width\":1154,\"height\":1154,\"caption\":\"Nom du fichier : DSC_5109.TIF Taille du fichier : 17.0 Mo (17785816 octets) Date : 2002\\\/07\\\/24 13:35:06 Taille de l'image : 3008 x 1960 pixels R\u00e9solution : 300 x 300 ppp Profondeur en bits : 8 bits\\\/canal Attribut de protection : D\u00e9sactiv\u00e9 Attribut Masqu\u00e9 : D\u00e9sactiv\u00e9 ID de l'appareil : N\\\/A Appareil : NIKON D1X Mode de qualit\u00e9 : HI (RVB non compress\u00e9) Mode de mesure : Multizones Mode d'exposition : Priorit\u00e9 Ouverture Speed Light : Non Distance Focale : 60 mm Vitesse d'obturation : 1\\\/15 seconde Ouverture : F20.0 Correction d'exposition : +0.7 IL Balance des blancs : Nuageux Objectif : 60 mm F 2.8 Mode Synchro-Flash : N\\\/A Diff\u00e9rence d'exposition : 0.0 IL Programme D\u00e9calable : Non Sensibilit\u00e9 : ISO160 Renforcement de la nettet\u00e9 : Normal Type d'image : Couleur Mode Couleur : Mode I(sRVB) Saturation : 3 Contr\u00f4le Saturation : N\\\/A Compensation des tons : Normal Latitude (GPS) : N\\\/A Longitude (GPS) : N\\\/A Altitude (GPS) : N\\\/A\"},{\"@type\":\"BreadcrumbList\",\"@id\":\"https:\\\/\\\/www.coplant.it\\\/shop\\\/hibiscus-syr-pink-giant-v65lt20x265\\\/#breadcrumb\",\"itemListElement\":[{\"@type\":\"ListItem\",\"position\":1,\"name\":\"Home\",\"item\":\"https:\\\/\\\/www.coplant.it\\\/\"},{\"@type\":\"ListItem\",\"position\":2,\"name\":\"Shop\",\"item\":\"https:\\\/\\\/www.coplant.it\\\/shop\\\/\"},{\"@type\":\"ListItem\",\"position\":3,\"name\":\"HIBISCUS SYR. PINK GIANT V6,5LT(20X26,5)\"}]},{\"@type\":\"WebSite\",\"@id\":\"https:\\\/\\\/www.coplant.it\\\/#website\",\"url\":\"https:\\\/\\\/www.coplant.it\\\/\",\"name\":\"Coplant\",\"description\":\"Professionisti del verde\",\"publisher\":{\"@id\":\"https:\\\/\\\/www.coplant.it\\\/#organization\"},\"potentialAction\":[{\"@type\":\"SearchAction\",\"target\":{\"@type\":\"EntryPoint\",\"urlTemplate\":\"https:\\\/\\\/www.coplant.it\\\/?s={search_term_string}\"},\"query-input\":{\"@type\":\"PropertyValueSpecification\",\"valueRequired\":true,\"valueName\":\"search_term_string\"}}],\"inLanguage\":\"nl-NL\"},{\"@type\":\"Organization\",\"@id\":\"https:\\\/\\\/www.coplant.it\\\/#organization\",\"name\":\"Coplant\",\"url\":\"https:\\\/\\\/www.coplant.it\\\/\",\"logo\":{\"@type\":\"ImageObject\",\"inLanguage\":\"nl-NL\",\"@id\":\"https:\\\/\\\/www.coplant.it\\\/#\\\/schema\\\/logo\\\/image\\\/\",\"url\":\"https:\\\/\\\/www.coplant.it\\\/wp-content\\\/uploads\\\/2023\\\/12\\\/logo.png\",\"contentUrl\":\"https:\\\/\\\/www.coplant.it\\\/wp-content\\\/uploads\\\/2023\\\/12\\\/logo.png\",\"width\":3543,\"height\":1164,\"caption\":\"Coplant\"},\"image\":{\"@id\":\"https:\\\/\\\/www.coplant.it\\\/#\\\/schema\\\/logo\\\/image\\\/\"}}]}<\/script>\n<!-- \/ Yoast SEO plugin. -->","yoast_head_json":{"title":"HIBISCUS SYR. PINK GIANT V6,5LT(20X26,5) - Coplant","robots":{"index":"index","follow":"follow","max-snippet":"max-snippet:-1","max-image-preview":"max-image-preview:large","max-video-preview":"max-video-preview:-1"},"canonical":"https:\/\/www.coplant.it\/shop\/hibiscus-syr-pink-giant-v65lt20x265\/","og_locale":"nl_NL","og_type":"article","og_title":"HIBISCUS SYR. PINK GIANT V6,5LT(20X26,5) - Coplant","og_description":"HIBISCUS SYR. PINK GIANT V6,5LT(20X26,5) Fascia climatica: temperata Mese fioritura: luglio-settembre Colore fioritura: rosa Colore foglia: verde scuro Sviluppo massimo: 2-3 metri Sociabilit\u00e0 da 1 a 5: 4 Sviluppo vegetativo: medio Tipo di terreno adatto: ben drenato Resistenza alla siccit\u00e0: media Resistenza al caldo: media Resistenza al freddo: resistente (fino a -15\u00b0C)","og_url":"https:\/\/www.coplant.it\/shop\/hibiscus-syr-pink-giant-v65lt20x265\/","og_site_name":"Coplant","article_modified_time":"2026-04-29T07:03:22+00:00","og_image":[{"width":1154,"height":1154,"url":"https:\/\/www.coplant.it\/wp-content\/uploads\/2024\/04\/HIBI.SY_.PG_.E1_2046.jpg","type":"image\/jpeg"}],"twitter_card":"summary_large_image","schema":{"@context":"https:\/\/schema.org","@graph":[{"@type":"WebPage","@id":"https:\/\/www.coplant.it\/shop\/hibiscus-syr-pink-giant-v65lt20x265\/","url":"https:\/\/www.coplant.it\/shop\/hibiscus-syr-pink-giant-v65lt20x265\/","name":"HIBISCUS SYR. PINK GIANT V6,5LT(20X26,5) - Coplant","isPartOf":{"@id":"https:\/\/www.coplant.it\/#website"},"primaryImageOfPage":{"@id":"https:\/\/www.coplant.it\/shop\/hibiscus-syr-pink-giant-v65lt20x265\/#primaryimage"},"image":{"@id":"https:\/\/www.coplant.it\/shop\/hibiscus-syr-pink-giant-v65lt20x265\/#primaryimage"},"thumbnailUrl":"https:\/\/www.coplant.it\/wp-content\/uploads\/2024\/04\/HIBI.SY_.PG_.E1_2046.jpg","datePublished":"2024-02-19T10:19:31+00:00","dateModified":"2026-04-29T07:03:22+00:00","breadcrumb":{"@id":"https:\/\/www.coplant.it\/shop\/hibiscus-syr-pink-giant-v65lt20x265\/#breadcrumb"},"inLanguage":"nl-NL","potentialAction":[{"@type":"ReadAction","target":["https:\/\/www.coplant.it\/shop\/hibiscus-syr-pink-giant-v65lt20x265\/"]}]},{"@type":"ImageObject","inLanguage":"nl-NL","@id":"https:\/\/www.coplant.it\/shop\/hibiscus-syr-pink-giant-v65lt20x265\/#primaryimage","url":"https:\/\/www.coplant.it\/wp-content\/uploads\/2024\/04\/HIBI.SY_.PG_.E1_2046.jpg","contentUrl":"https:\/\/www.coplant.it\/wp-content\/uploads\/2024\/04\/HIBI.SY_.PG_.E1_2046.jpg","width":1154,"height":1154,"caption":"Nom du fichier : DSC_5109.TIF Taille du fichier : 17.0 Mo (17785816 octets) Date : 2002\/07\/24 13:35:06 Taille de l'image : 3008 x 1960 pixels R\u00e9solution : 300 x 300 ppp Profondeur en bits : 8 bits\/canal Attribut de protection : D\u00e9sactiv\u00e9 Attribut Masqu\u00e9 : D\u00e9sactiv\u00e9 ID de l'appareil : N\/A Appareil : NIKON D1X Mode de qualit\u00e9 : HI (RVB non compress\u00e9) Mode de mesure : Multizones Mode d'exposition : Priorit\u00e9 Ouverture Speed Light : Non Distance Focale : 60 mm Vitesse d'obturation : 1\/15 seconde Ouverture : F20.0 Correction d'exposition : +0.7 IL Balance des blancs : Nuageux Objectif : 60 mm F 2.8 Mode Synchro-Flash : N\/A Diff\u00e9rence d'exposition : 0.0 IL Programme D\u00e9calable : Non Sensibilit\u00e9 : ISO160 Renforcement de la nettet\u00e9 : Normal Type d'image : Couleur Mode Couleur : Mode I(sRVB) Saturation : 3 Contr\u00f4le Saturation : N\/A Compensation des tons : Normal Latitude (GPS) : N\/A Longitude (GPS) : N\/A Altitude (GPS) : N\/A"},{"@type":"BreadcrumbList","@id":"https:\/\/www.coplant.it\/shop\/hibiscus-syr-pink-giant-v65lt20x265\/#breadcrumb","itemListElement":[{"@type":"ListItem","position":1,"name":"Home","item":"https:\/\/www.coplant.it\/"},{"@type":"ListItem","position":2,"name":"Shop","item":"https:\/\/www.coplant.it\/shop\/"},{"@type":"ListItem","position":3,"name":"HIBISCUS SYR. PINK GIANT V6,5LT(20X26,5)"}]},{"@type":"WebSite","@id":"https:\/\/www.coplant.it\/#website","url":"https:\/\/www.coplant.it\/","name":"Coplant","description":"Professionisti del verde","publisher":{"@id":"https:\/\/www.coplant.it\/#organization"},"potentialAction":[{"@type":"SearchAction","target":{"@type":"EntryPoint","urlTemplate":"https:\/\/www.coplant.it\/?s={search_term_string}"},"query-input":{"@type":"PropertyValueSpecification","valueRequired":true,"valueName":"search_term_string"}}],"inLanguage":"nl-NL"},{"@type":"Organization","@id":"https:\/\/www.coplant.it\/#organization","name":"Coplant","url":"https:\/\/www.coplant.it\/","logo":{"@type":"ImageObject","inLanguage":"nl-NL","@id":"https:\/\/www.coplant.it\/#\/schema\/logo\/image\/","url":"https:\/\/www.coplant.it\/wp-content\/uploads\/2023\/12\/logo.png","contentUrl":"https:\/\/www.coplant.it\/wp-content\/uploads\/2023\/12\/logo.png","width":3543,"height":1164,"caption":"Coplant"},"image":{"@id":"https:\/\/www.coplant.it\/#\/schema\/logo\/image\/"}}]}},"jetpack_sharing_enabled":true,"_links":{"self":[{"href":"https:\/\/www.coplant.it\/nl\/wp-json\/wp\/v2\/product\/34088","targetHints":{"allow":["GET"]}}],"collection":[{"href":"https:\/\/www.coplant.it\/nl\/wp-json\/wp\/v2\/product"}],"about":[{"href":"https:\/\/www.coplant.it\/nl\/wp-json\/wp\/v2\/types\/product"}],"version-history":[{"count":2,"href":"https:\/\/www.coplant.it\/nl\/wp-json\/wp\/v2\/product\/34088\/revisions"}],"predecessor-version":[{"id":36404,"href":"https:\/\/www.coplant.it\/nl\/wp-json\/wp\/v2\/product\/34088\/revisions\/36404"}],"wp:featuredmedia":[{"embeddable":true,"href":"https:\/\/www.coplant.it\/nl\/wp-json\/wp\/v2\/media\/40317"}],"wp:attachment":[{"href":"https:\/\/www.coplant.it\/nl\/wp-json\/wp\/v2\/media?parent=34088"}],"wp:term":[{"taxonomy":"product_brand","embeddable":true,"href":"https:\/\/www.coplant.it\/nl\/wp-json\/wp\/v2\/product_brand?post=34088"},{"taxonomy":"product_cat","embeddable":true,"href":"https:\/\/www.coplant.it\/nl\/wp-json\/wp\/v2\/product_cat?post=34088"},{"taxonomy":"product_tag","embeddable":true,"href":"https:\/\/www.coplant.it\/nl\/wp-json\/wp\/v2\/product_tag?post=34088"}],"curies":[{"name":"wp","href":"https:\/\/api.w.org\/{rel}","templated":true}]}}