{"id":39203,"date":"2024-04-08T09:57:31","date_gmt":"2024-04-08T07:57:31","guid":{"rendered":"https:\/\/www.coplant.it\/product\/parthenocissus-tric-veitchii-v3lt16x20\/"},"modified":"2026-05-01T09:33:39","modified_gmt":"2026-05-01T07:33:39","slug":"parthenocissus-tric-veitchii-v3lt16x20","status":"publish","type":"product","link":"https:\/\/www.coplant.it\/nl\/shop\/parthenocissus-tric-veitchii-v3lt16x20\/","title":{"rendered":"PARTHENOCISSUS TRIC. VEITCHII V3LT(16X20)"},"content":{"rendered":"<p>PARTHENOCISSUS TRIC. VEITCHII V3LT(16X20)<br \/>\nFascia climatica: temperata<br \/>\nMese fioritura: giugno-luglio<br \/>\nColore fioritura: verde pallido<br \/>\nColore foglia: verde brillante che vira al rosso-arancio in autunno<br \/>\nSviluppo massimo: 8-10 metri<br \/>\nSociabilit\u00e0 da 1 a 5: 4<br \/>\nSviluppo vegetativo: rampicante<br \/>\nCaducifoglie: s\u00ec<br \/>\nTipo di terreno adatto: ben drenato, fertile<br \/>\nResistenza alla siccit\u00e0: media<br \/>\nResistenza al caldo: media<br \/>\nResistenza al freddo: resistente, sopporta temperature fino a -15\u00b0C<\/p>\n","protected":false},"excerpt":{"rendered":"<p>PARTHENOCISSUS TRIC. VEITCHII V3LT(16X20) Fascia climatica: temperata Mese fioritura: giugno-luglio Colore fioritura: verde pallido Colore foglia: verde brillante che vira al rosso-arancio in autunno Sviluppo massimo: 8-10 metri Sociabilit\u00e0 da 1 a 5: 4 Sviluppo vegetativo: rampicante Caducifoglie: s\u00ec Tipo di terreno adatto: ben drenato, fertile Resistenza alla siccit\u00e0: media Resistenza al caldo: media Resistenza [&hellip;]<\/p>\n","protected":false},"featured_media":0,"template":"","meta":{"_acf_changed":false},"product_brand":[],"product_cat":[197],"product_tag":[160,148,459],"class_list":{"0":"post-39203","1":"product","2":"type-product","3":"status-publish","5":"product_cat-rampicanti","6":"product_tag-caducifoglie","7":"product_tag-foglia-verde","8":"product_tag-parthenocissus","10":"first","11":"instock","12":"shipping-taxable","13":"purchasable","14":"product-type-simple"},"acf":[],"yoast_head":"<!-- This site is optimized with the Yoast SEO plugin v27.5 - https:\/\/yoast.com\/product\/yoast-seo-wordpress\/ -->\n<title>PARTHENOCISSUS TRIC. VEITCHII V3LT(16X20) - Coplant<\/title>\n<meta name=\"robots\" content=\"index, follow, max-snippet:-1, max-image-preview:large, max-video-preview:-1\" \/>\n<link rel=\"canonical\" href=\"https:\/\/www.coplant.it\/shop\/parthenocissus-tric-veitchii-v3lt16x20\/\" \/>\n<meta property=\"og:locale\" content=\"nl_NL\" \/>\n<meta property=\"og:type\" content=\"article\" \/>\n<meta property=\"og:title\" content=\"PARTHENOCISSUS TRIC. VEITCHII V3LT(16X20) - Coplant\" \/>\n<meta property=\"og:description\" content=\"PARTHENOCISSUS TRIC. VEITCHII V3LT(16X20) Fascia climatica: temperata Mese fioritura: giugno-luglio Colore fioritura: verde pallido Colore foglia: verde brillante che vira al rosso-arancio in autunno Sviluppo massimo: 8-10 metri Sociabilit\u00e0 da 1 a 5: 4 Sviluppo vegetativo: rampicante Caducifoglie: s\u00ec Tipo di terreno adatto: ben drenato, fertile Resistenza alla siccit\u00e0: media Resistenza al caldo: media Resistenza [&hellip;]\" \/>\n<meta property=\"og:url\" content=\"https:\/\/www.coplant.it\/shop\/parthenocissus-tric-veitchii-v3lt16x20\/\" \/>\n<meta property=\"og:site_name\" content=\"Coplant\" \/>\n<meta property=\"article:modified_time\" content=\"2026-05-01T07:33:39+00:00\" \/>\n<meta name=\"twitter:card\" content=\"summary_large_image\" \/>\n<script type=\"application\/ld+json\" class=\"yoast-schema-graph\">{\"@context\":\"https:\\\/\\\/schema.org\",\"@graph\":[{\"@type\":\"WebPage\",\"@id\":\"https:\\\/\\\/www.coplant.it\\\/shop\\\/parthenocissus-tric-veitchii-v3lt16x20\\\/\",\"url\":\"https:\\\/\\\/www.coplant.it\\\/shop\\\/parthenocissus-tric-veitchii-v3lt16x20\\\/\",\"name\":\"PARTHENOCISSUS TRIC. VEITCHII V3LT(16X20) - Coplant\",\"isPartOf\":{\"@id\":\"https:\\\/\\\/www.coplant.it\\\/#website\"},\"datePublished\":\"2024-04-08T07:57:31+00:00\",\"dateModified\":\"2026-05-01T07:33:39+00:00\",\"breadcrumb\":{\"@id\":\"https:\\\/\\\/www.coplant.it\\\/shop\\\/parthenocissus-tric-veitchii-v3lt16x20\\\/#breadcrumb\"},\"inLanguage\":\"nl-NL\",\"potentialAction\":[{\"@type\":\"ReadAction\",\"target\":[\"https:\\\/\\\/www.coplant.it\\\/shop\\\/parthenocissus-tric-veitchii-v3lt16x20\\\/\"]}]},{\"@type\":\"BreadcrumbList\",\"@id\":\"https:\\\/\\\/www.coplant.it\\\/shop\\\/parthenocissus-tric-veitchii-v3lt16x20\\\/#breadcrumb\",\"itemListElement\":[{\"@type\":\"ListItem\",\"position\":1,\"name\":\"Home\",\"item\":\"https:\\\/\\\/www.coplant.it\\\/\"},{\"@type\":\"ListItem\",\"position\":2,\"name\":\"Shop\",\"item\":\"https:\\\/\\\/www.coplant.it\\\/shop\\\/\"},{\"@type\":\"ListItem\",\"position\":3,\"name\":\"PARTHENOCISSUS TRIC. VEITCHII V3LT(16X20)\"}]},{\"@type\":\"WebSite\",\"@id\":\"https:\\\/\\\/www.coplant.it\\\/#website\",\"url\":\"https:\\\/\\\/www.coplant.it\\\/\",\"name\":\"Coplant\",\"description\":\"Professionisti del verde\",\"publisher\":{\"@id\":\"https:\\\/\\\/www.coplant.it\\\/#organization\"},\"potentialAction\":[{\"@type\":\"SearchAction\",\"target\":{\"@type\":\"EntryPoint\",\"urlTemplate\":\"https:\\\/\\\/www.coplant.it\\\/?s={search_term_string}\"},\"query-input\":{\"@type\":\"PropertyValueSpecification\",\"valueRequired\":true,\"valueName\":\"search_term_string\"}}],\"inLanguage\":\"nl-NL\"},{\"@type\":\"Organization\",\"@id\":\"https:\\\/\\\/www.coplant.it\\\/#organization\",\"name\":\"Coplant\",\"url\":\"https:\\\/\\\/www.coplant.it\\\/\",\"logo\":{\"@type\":\"ImageObject\",\"inLanguage\":\"nl-NL\",\"@id\":\"https:\\\/\\\/www.coplant.it\\\/#\\\/schema\\\/logo\\\/image\\\/\",\"url\":\"https:\\\/\\\/www.coplant.it\\\/wp-content\\\/uploads\\\/2023\\\/12\\\/logo.png\",\"contentUrl\":\"https:\\\/\\\/www.coplant.it\\\/wp-content\\\/uploads\\\/2023\\\/12\\\/logo.png\",\"width\":3543,\"height\":1164,\"caption\":\"Coplant\"},\"image\":{\"@id\":\"https:\\\/\\\/www.coplant.it\\\/#\\\/schema\\\/logo\\\/image\\\/\"}}]}<\/script>\n<!-- \/ Yoast SEO plugin. -->","yoast_head_json":{"title":"PARTHENOCISSUS TRIC. VEITCHII V3LT(16X20) - Coplant","robots":{"index":"index","follow":"follow","max-snippet":"max-snippet:-1","max-image-preview":"max-image-preview:large","max-video-preview":"max-video-preview:-1"},"canonical":"https:\/\/www.coplant.it\/shop\/parthenocissus-tric-veitchii-v3lt16x20\/","og_locale":"nl_NL","og_type":"article","og_title":"PARTHENOCISSUS TRIC. VEITCHII V3LT(16X20) - Coplant","og_description":"PARTHENOCISSUS TRIC. VEITCHII V3LT(16X20) Fascia climatica: temperata Mese fioritura: giugno-luglio Colore fioritura: verde pallido Colore foglia: verde brillante che vira al rosso-arancio in autunno Sviluppo massimo: 8-10 metri Sociabilit\u00e0 da 1 a 5: 4 Sviluppo vegetativo: rampicante Caducifoglie: s\u00ec Tipo di terreno adatto: ben drenato, fertile Resistenza alla siccit\u00e0: media Resistenza al caldo: media Resistenza [&hellip;]","og_url":"https:\/\/www.coplant.it\/shop\/parthenocissus-tric-veitchii-v3lt16x20\/","og_site_name":"Coplant","article_modified_time":"2026-05-01T07:33:39+00:00","twitter_card":"summary_large_image","schema":{"@context":"https:\/\/schema.org","@graph":[{"@type":"WebPage","@id":"https:\/\/www.coplant.it\/shop\/parthenocissus-tric-veitchii-v3lt16x20\/","url":"https:\/\/www.coplant.it\/shop\/parthenocissus-tric-veitchii-v3lt16x20\/","name":"PARTHENOCISSUS TRIC. VEITCHII V3LT(16X20) - Coplant","isPartOf":{"@id":"https:\/\/www.coplant.it\/#website"},"datePublished":"2024-04-08T07:57:31+00:00","dateModified":"2026-05-01T07:33:39+00:00","breadcrumb":{"@id":"https:\/\/www.coplant.it\/shop\/parthenocissus-tric-veitchii-v3lt16x20\/#breadcrumb"},"inLanguage":"nl-NL","potentialAction":[{"@type":"ReadAction","target":["https:\/\/www.coplant.it\/shop\/parthenocissus-tric-veitchii-v3lt16x20\/"]}]},{"@type":"BreadcrumbList","@id":"https:\/\/www.coplant.it\/shop\/parthenocissus-tric-veitchii-v3lt16x20\/#breadcrumb","itemListElement":[{"@type":"ListItem","position":1,"name":"Home","item":"https:\/\/www.coplant.it\/"},{"@type":"ListItem","position":2,"name":"Shop","item":"https:\/\/www.coplant.it\/shop\/"},{"@type":"ListItem","position":3,"name":"PARTHENOCISSUS TRIC. VEITCHII V3LT(16X20)"}]},{"@type":"WebSite","@id":"https:\/\/www.coplant.it\/#website","url":"https:\/\/www.coplant.it\/","name":"Coplant","description":"Professionisti del verde","publisher":{"@id":"https:\/\/www.coplant.it\/#organization"},"potentialAction":[{"@type":"SearchAction","target":{"@type":"EntryPoint","urlTemplate":"https:\/\/www.coplant.it\/?s={search_term_string}"},"query-input":{"@type":"PropertyValueSpecification","valueRequired":true,"valueName":"search_term_string"}}],"inLanguage":"nl-NL"},{"@type":"Organization","@id":"https:\/\/www.coplant.it\/#organization","name":"Coplant","url":"https:\/\/www.coplant.it\/","logo":{"@type":"ImageObject","inLanguage":"nl-NL","@id":"https:\/\/www.coplant.it\/#\/schema\/logo\/image\/","url":"https:\/\/www.coplant.it\/wp-content\/uploads\/2023\/12\/logo.png","contentUrl":"https:\/\/www.coplant.it\/wp-content\/uploads\/2023\/12\/logo.png","width":3543,"height":1164,"caption":"Coplant"},"image":{"@id":"https:\/\/www.coplant.it\/#\/schema\/logo\/image\/"}}]}},"jetpack_sharing_enabled":true,"_links":{"self":[{"href":"https:\/\/www.coplant.it\/nl\/wp-json\/wp\/v2\/product\/39203","targetHints":{"allow":["GET"]}}],"collection":[{"href":"https:\/\/www.coplant.it\/nl\/wp-json\/wp\/v2\/product"}],"about":[{"href":"https:\/\/www.coplant.it\/nl\/wp-json\/wp\/v2\/types\/product"}],"version-history":[{"count":1,"href":"https:\/\/www.coplant.it\/nl\/wp-json\/wp\/v2\/product\/39203\/revisions"}],"predecessor-version":[{"id":39221,"href":"https:\/\/www.coplant.it\/nl\/wp-json\/wp\/v2\/product\/39203\/revisions\/39221"}],"wp:attachment":[{"href":"https:\/\/www.coplant.it\/nl\/wp-json\/wp\/v2\/media?parent=39203"}],"wp:term":[{"taxonomy":"product_brand","embeddable":true,"href":"https:\/\/www.coplant.it\/nl\/wp-json\/wp\/v2\/product_brand?post=39203"},{"taxonomy":"product_cat","embeddable":true,"href":"https:\/\/www.coplant.it\/nl\/wp-json\/wp\/v2\/product_cat?post=39203"},{"taxonomy":"product_tag","embeddable":true,"href":"https:\/\/www.coplant.it\/nl\/wp-json\/wp\/v2\/product_tag?post=39203"}],"curies":[{"name":"wp","href":"https:\/\/api.w.org\/{rel}","templated":true}]}}